{"id":21,"date":"2015-04-19T12:49:02","date_gmt":"2015-04-19T09:49:02","guid":{"rendered":"http:\/\/siirmolasi.com\/?page_id=21"},"modified":"2025-02-01T19:34:30","modified_gmt":"2025-02-01T16:34:30","slug":"site-hakkinda","status":"publish","type":"page","link":"https:\/\/www.siirmolasi.com\/","title":{"rendered":""},"content":{"rendered":"\n<figure class=\"wp-block-embed is-type-video is-provider-youtube wp-block-embed-youtube wp-embed-aspect-16-9 wp-has-aspect-ratio\"><div class=\"wp-block-embed__wrapper\">\n<iframe loading=\"lazy\" title=\"\u015eiir Seslendirmeleri\" width=\"640\" height=\"360\" src=\"https:\/\/www.youtube.com\/embed\/videoseries?list=PLsMjShRspvF_og7W72KaZ8ymo7wqsnXIV\" frameborder=\"0\" allow=\"accelerometer; autoplay; clipboard-write; encrypted-media; gyroscope; picture-in-picture; web-share\" referrerpolicy=\"strict-origin-when-cross-origin\" allowfullscreen><\/iframe>\n<\/div><\/figure>\n\n\n<p><a href=\"http:\/\/siirmolasi.com\/wp-content\/uploads\/2015\/04\/LOGO-3.jpg\"><img loading=\"lazy\" decoding=\"async\" class=\"wp-image-7711 alignleft\" src=\"http:\/\/siirmolasi.com\/wp-content\/uploads\/2015\/04\/LOGO-3.jpg\" alt=\"\" width=\"138\" height=\"96\" \/><\/a><a href=\"http:\/\/siirmolasi.com\/wp-content\/uploads\/2015\/04\/LOGO-3.jpg\"><img loading=\"lazy\" decoding=\"async\" class=\"alignright\" src=\"http:\/\/siirmolasi.com\/wp-content\/uploads\/2015\/04\/LOGO-3.jpg\" width=\"126\" height=\"88\" \/><\/a><\/p>\n<p style=\"text-align: center;\"><strong><em>Merhaba \u015eiire g\u00f6n\u00fcl veren, yolu edebiyatla b\u00fct\u00fcnle\u015fmi\u015f g\u00f6n\u00fcl dostlar\u0131&#8230;\u00a0<\/em><\/strong><\/p>\n<p style=\"text-align: justify;\"><em>Ben \u015fiirin hizmetkarlar\u0131ndan \u015eiir Molas\u0131&#8217;n\u0131n kurucusu Ahmet K\u0130RAZ. \u015eiir Molas\u0131 2015 y\u0131l\u0131ndan beri siz \u015fiir severlerle beraber yay\u0131n hayat\u0131na devam etmekte. <\/em><\/p>\n<p style=\"text-align: justify;\"><em>\u015eiir Molas\u0131ndan k\u0131saca sizlere bahsetmek gerekirse; \u015eiir Molas\u0131 &#8221;<strong>\u015eair Dura\u011f\u0131&#8221;<\/strong> olmas\u0131 sebebiyle \u015fiire g\u00f6n\u00fcl veren herkesin \u015fiirlerini hatta <strong>deneme ve hikayelerini<\/strong> bu platform \u00fczerinden payla\u015fabilece\u011fi, ayn\u0131 zamanda <strong>\u00dcstadlardan Se\u00e7meler<\/strong> b\u00f6l\u00fcm\u00fcnde b\u00fcy\u00fck s\u00f6z \u00fcstadlar\u0131n\u0131n \u015fiirleriyle y\u0131llara meydan okuyan o b\u00fcy\u00fcl\u00fc eserlerin i\u00e7erisinde kaybolaca\u011f\u0131n\u0131z, <strong>Kitap Tan\u0131t\u0131mlar\u0131<\/strong> b\u00f6l\u00fcm\u00fcyle yeni eserlerden haberdar olaca\u011f\u0131n\u0131z, <strong>Zaman\u0131 \u0130fadesiz B\u0131rakanlarla<\/strong> ge\u00e7mi\u015fe yolculuk yapaca\u011f\u0131n\u0131z \u00e7ok \u00f6zel\u00a0 bir mekan.\u00a0<\/em><\/p>\n<p style=\"text-align: justify;\"><em>\u00d6zetle gayemiz kalem ehli olan herkese kap\u0131m\u0131z\u0131 a\u00e7mak ve onlar\u0131n eserlerini edebiyat severlerle bulu\u015fturmak.<\/em><\/p>\n<p style=\"text-align: justify;\"><em>Unutulmamal\u0131 ki bu ama\u00e7 yaln\u0131zl\u0131k\u00a0g\u00f6t\u00fcrmez aksine destek ister. <\/em><\/p>\n<p style=\"text-align: justify;\"><em>Bu y\u00fczden siz\u00a0\u015fiirsever dostlar\u0131n\u00a0deste\u011fine a\u015f\u0131r\u0131 derecede muhtac\u0131z. \u00a0<\/em><\/p>\n<p style=\"text-align: justify;\"><i>Yeri gelmi\u015fken\u00a0iste\u011fimiz m\u00fcsait olduk\u00e7a bizimle ve \u015f<\/i><em>iirle kalman\u0131z \ud83d\ude42<br \/><\/em><\/p>\n<p><em>\u015eiirle zinde ve sa\u011fl\u0131cakla kal\u0131n&#8230;<\/em><\/p>\n\n\n<blockquote class=\"wp-block-quote is-layout-flow wp-block-quote-is-layout-flow\">\n<p><\/p>\n<\/blockquote>\n\n\n\n<p><\/p>\n","protected":false},"excerpt":{"rendered":"<p>Merhaba \u015eiire g\u00f6n\u00fcl veren, yolu edebiyatla b\u00fct\u00fcnle\u015fmi\u015f g\u00f6n\u00fcl dostlar\u0131&#8230;\u00a0 Ben \u015fiirin hizmetkarlar\u0131ndan \u015eiir Molas\u0131&#8217;n\u0131n kurucusu Ahmet K\u0130RAZ. \u015eiir Molas\u0131 2015 y\u0131l\u0131ndan beri siz \u015fiir severlerle beraber yay\u0131n hayat\u0131na devam etmekte. \u015eiir Molas\u0131ndan k\u0131saca sizlere bahsetmek gerekirse; \u015eiir Molas\u0131 &#8221;\u015eair Dura\u011f\u0131&#8221; &hellip; <a href=\"https:\/\/www.siirmolasi.com\/\">Okumaya devam et <span class=\"meta-nav\">&rarr;<\/span><\/a><\/p>\n","protected":false},"author":1,"featured_media":0,"parent":0,"menu_order":0,"comment_status":"open","ping_status":"open","template":"","meta":{"footnotes":""},"_links":{"self":[{"href":"https:\/\/www.siirmolasi.com\/index.php?rest_route=\/wp\/v2\/pages\/21"}],"collection":[{"href":"https:\/\/www.siirmolasi.com\/index.php?rest_route=\/wp\/v2\/pages"}],"about":[{"href":"https:\/\/www.siirmolasi.com\/index.php?rest_route=\/wp\/v2\/types\/page"}],"author":[{"embeddable":true,"href":"https:\/\/www.siirmolasi.com\/index.php?rest_route=\/wp\/v2\/users\/1"}],"replies":[{"embeddable":true,"href":"https:\/\/www.siirmolasi.com\/index.php?rest_route=%2Fwp%2Fv2%2Fcomments&post=21"}],"version-history":[{"count":104,"href":"https:\/\/www.siirmolasi.com\/index.php?rest_route=\/wp\/v2\/pages\/21\/revisions"}],"predecessor-version":[{"id":11816,"href":"https:\/\/www.siirmolasi.com\/index.php?rest_route=\/wp\/v2\/pages\/21\/revisions\/11816"}],"wp:attachment":[{"href":"https:\/\/www.siirmolasi.com\/index.php?rest_route=%2Fwp%2Fv2%2Fmedia&parent=21"}],"curies":[{"name":"wp","href":"https:\/\/api.w.org\/{rel}","templated":true}]}}